{"id":312,"date":"2025-05-26T12:08:12","date_gmt":"2025-05-26T12:08:12","guid":{"rendered":"https:\/\/www.kleinoisterwijkservice.nl\/?page_id=312"},"modified":"2026-02-17T09:24:42","modified_gmt":"2026-02-17T09:24:42","slug":"type-lind","status":"publish","type":"page","link":"https:\/\/www.kleinoisterwijkservice.nl\/de\/gebruikershandleidingen\/type-lind\/","title":{"rendered":"Type Lind (6B2)"},"content":{"rendered":"<section class=\"l-section wpb_row height_auto width_full\"><div class=\"l-section-h i-cf\"><div class=\"g-cols vc_row via_flex valign_top type_default stacking_default\"><div class=\"vc_col-sm-12 wpb_column vc_column_container has_bg_color\"><div class=\"vc_column-inner us_custom_7874adcf\"><div class=\"wpb_wrapper\"><div class=\"w-separator size_custom\" style=\"height:450px\" id=\"y113\"><style>@media(max-width:1199px){ #y113{height:25vh!important}}@media(max-width:600px){ #y113{height:120px!important}}<\/style><\/div><\/div><\/div><\/div><\/div><\/div><\/section><section class=\"l-section wpb_row height_medium\"><div class=\"l-section-h i-cf\"><div class=\"g-cols vc_row via_flex valign_top type_default stacking_default\"><div class=\"vc_col-sm-12 wpb_column vc_column_container\"><div class=\"vc_column-inner us_custom_6c13c80c\"><div class=\"wpb_wrapper\"><h1 class=\"w-text\"><span class=\"w-text-h\"><span class=\"w-text-value\">Type Lind (6B2)<\/span><\/span><\/h1>\n\t<div class=\"wpb_raw_code wpb_raw_html wpb_content_element line us_custom_909b2fd0\" >\n\t\t<div class=\"wpb_wrapper\">\n\t\t\t<hr\/>\n\t\t<\/div>\n\t<\/div>\n<div class=\"wpb_text_column\"><div class=\"wpb_wrapper\"><p>Wir haben alle Bedienungsanleitungen f\u00fcr Sie aufgelistet.<\/p>\n<\/div><\/div><div class=\"w-separator size_medium\"><\/div><div class=\"w-tabs ko_faq style_default switch_click accordion\"><div class=\"w-tabs-sections titles-align_none icon_plus cpos_right\"><div class=\"w-tabs-section has_text_color\" id=\"nebf\" itemscope itemprop=\"mainEntity\" itemtype=\"https:\/\/schema.org\/Question\" style=\"background:var(--color-content-bg-alt);color:var(--color-content-text);\"><button class=\"w-tabs-section-header\" aria-controls=\"content-nebf\" aria-expanded=\"false\"><div class=\"w-tabs-section-title\" itemprop=\"name\">K\u00fcche<\/div><div class=\"w-tabs-section-control\"><\/div><\/button><div  class=\"w-tabs-section-content\" id=\"content-nebf\" itemscope itemprop=\"acceptedAnswer\" itemtype=\"https:\/\/schema.org\/Answer\"><div class=\"w-tabs-section-content-h i-cf\" itemprop=\"text\"><div class=\"wpb_text_column\"><div class=\"wpb_wrapper\"><p>Der LED-Streifen unter den K\u00fcchenschr\u00e4nken schaltet sich nach Ber\u00fchrung des Sensors in der Ecke ein oder aus, es gibt also keinen Lichtschalter.<\/p>\n<\/div><\/div><div class=\"w-separator size_small\"><\/div><div class=\"w-iconbox iconpos_left style_default color_primary align_left no_title\"><a target=\"_blank\" href=\"\/wp-content\/uploads\/2024\/07\/Handleiding-Bora-ENG.pdf\" class=\"w-iconbox-link\" aria-label=\"fas|file-pdf\"><div class=\"w-iconbox-icon\" style=\"font-size:2rem;\"><i class=\"fas fa-file-pdf\"><\/i><\/div><\/a><div class=\"w-iconbox-meta\"><div class=\"w-iconbox-text\"><p><a href=\"\/wp-content\/uploads\/2024\/07\/Handleiding-Bora-ENG.pdf\" target=\"_blank\" rel=\"noopener\">Kochherd<\/a><\/p>\n<\/div><\/div><\/div><div class=\"w-iconbox iconpos_left style_default color_primary align_left no_title\"><a target=\"_blank\" href=\"\/wp-content\/uploads\/2024\/07\/Nespresso-Zenius-gebruikershandleiding-com_41538-DE-en-ENG.pdf\" class=\"w-iconbox-link\" aria-label=\"fas|file-pdf\"><div class=\"w-iconbox-icon\" style=\"font-size:2rem;\"><i class=\"fas fa-file-pdf\"><\/i><\/div><\/a><div class=\"w-iconbox-meta\"><div class=\"w-iconbox-text\"><p><a href=\"\/wp-content\/uploads\/2024\/07\/Nespresso-Zenius-gebruikershandleiding-com_41538-DE-en-ENG.pdf\">Kaffeemaschine<\/a><\/p>\n<\/div><\/div><\/div><div class=\"w-iconbox iconpos_left style_default color_primary align_left no_title\"><a target=\"_blank\" href=\"\/wp-content\/uploads\/2024\/07\/Handleiding-vaatwasser-DU.pdf\" class=\"w-iconbox-link\" aria-label=\"fas|file-pdf\"><div class=\"w-iconbox-icon\" style=\"font-size:2rem;\"><i class=\"fas fa-file-pdf\"><\/i><\/div><\/a><div class=\"w-iconbox-meta\"><div class=\"w-iconbox-text\"><p><a href=\"\/wp-content\/uploads\/2024\/07\/Handleiding-vaatwasser-DU.pdf\" target=\"_blank\" rel=\"noopener\">Geschirrsp\u00fcler<\/a><\/p>\n<\/div><\/div><\/div><div class=\"w-iconbox iconpos_left style_default color_primary align_left no_title\"><a target=\"_blank\" href=\"\/wp-content\/uploads\/2024\/07\/Handleiding-combimagnetron-DU.pdf\" class=\"w-iconbox-link\" aria-label=\"fas|file-pdf\"><div class=\"w-iconbox-icon\" style=\"font-size:2rem;\"><i class=\"fas fa-file-pdf\"><\/i><\/div><\/a><div class=\"w-iconbox-meta\"><div class=\"w-iconbox-text\"><p><a href=\"\/wp-content\/uploads\/2024\/07\/Handleiding-combimagnetron-DU.pdf\" target=\"_blank\" rel=\"noopener\">Kombi-Mikrowelle<\/a><\/p>\n<\/div><\/div><\/div><\/div><\/div><\/div><div class=\"w-tabs-section has_text_color\" id=\"mfe0\" itemscope itemprop=\"mainEntity\" itemtype=\"https:\/\/schema.org\/Question\" style=\"background:var(--color-content-bg-alt);color:var(--color-content-text);\"><button class=\"w-tabs-section-header\" aria-controls=\"content-mfe0\" aria-expanded=\"false\"><div class=\"w-tabs-section-title\" itemprop=\"name\">Warmtepomp systeem<\/div><div class=\"w-tabs-section-control\"><\/div><\/button><div  class=\"w-tabs-section-content\" id=\"content-mfe0\" itemscope itemprop=\"acceptedAnswer\" itemtype=\"https:\/\/schema.org\/Answer\"><div class=\"w-tabs-section-content-h i-cf\" itemprop=\"text\"><div class=\"w-iconbox iconpos_left style_default color_primary align_left no_title\"><a target=\"_blank\" href=\"\/wp-content\/uploads\/2025\/06\/Daikin-handleiding-verwarming-koeling.pdf\" class=\"w-iconbox-link\" aria-label=\"fas|file-pdf\"><div class=\"w-iconbox-icon\" style=\"font-size:2rem;\"><i class=\"fas fa-file-pdf\"><\/i><\/div><\/a><div class=\"w-iconbox-meta\"><div class=\"w-iconbox-text\"><p><a href=\"\/wp-content\/uploads\/2025\/06\/Daikin-handleiding-verwarming-koeling.pdf\" target=\"_blank\" rel=\"noopener\">Thermostaat<\/a><br \/>\n<span style=\"font-size: 13px;\">(Let op! Handleiding is enkel voor de rechter thermostaat, de linker is niet te gebruiken.)<\/span><\/p>\n<\/div><\/div><\/div><\/div><\/div><\/div><div class=\"w-tabs-section has_text_color\" id=\"y0b6\" itemscope itemprop=\"mainEntity\" itemtype=\"https:\/\/schema.org\/Question\" style=\"background:var(--color-content-bg-alt);color:var(--color-content-text);\"><button class=\"w-tabs-section-header\" aria-controls=\"content-y0b6\" aria-expanded=\"false\"><div class=\"w-tabs-section-title\" itemprop=\"name\">Verwarming<\/div><div class=\"w-tabs-section-control\"><\/div><\/button><div  class=\"w-tabs-section-content\" id=\"content-y0b6\" itemscope itemprop=\"acceptedAnswer\" itemtype=\"https:\/\/schema.org\/Answer\"><div class=\"w-tabs-section-content-h i-cf\" itemprop=\"text\"><div class=\"w-iconbox iconpos_left style_default color_primary align_left no_title\"><a target=\"_blank\" href=\"\/wp-content\/uploads\/2026\/02\/Elektische-radiator.pdf\" class=\"w-iconbox-link\" aria-label=\"fas|file-pdf\"><div class=\"w-iconbox-icon\" style=\"font-size:2rem;\"><i class=\"fas fa-file-pdf\"><\/i><\/div><\/a><div class=\"w-iconbox-meta\"><div class=\"w-iconbox-text\"><p><a href=\"\/wp-content\/uploads\/2026\/02\/Elektische-radiator.pdf\" target=\"_blank\" rel=\"noopener\">Elektrische radiator<\/a><\/p>\n<\/div><\/div><\/div><\/div><\/div><\/div><div class=\"w-tabs-section has_text_color\" id=\"x18a\" itemscope itemprop=\"mainEntity\" itemtype=\"https:\/\/schema.org\/Question\" style=\"background:var(--color-content-bg-alt);color:var(--color-content-text);\"><button class=\"w-tabs-section-header\" aria-controls=\"content-x18a\" aria-expanded=\"false\"><div class=\"w-tabs-section-title\" itemprop=\"name\">Andere<\/div><div class=\"w-tabs-section-control\"><\/div><\/button><div  class=\"w-tabs-section-content\" id=\"content-x18a\" itemscope itemprop=\"acceptedAnswer\" itemtype=\"https:\/\/schema.org\/Answer\"><div class=\"w-tabs-section-content-h i-cf\" itemprop=\"text\"><div class=\"w-iconbox iconpos_left style_default color_primary align_left no_title\"><a target=\"_blank\" href=\"\/wp-content\/uploads\/2025\/05\/Outdoor-Kitchen-maintenance-team-Duits.docx\" class=\"w-iconbox-link\" aria-label=\"fas|file-pdf\"><div class=\"w-iconbox-icon\" style=\"font-size:2rem;\"><i class=\"fas fa-file-pdf\"><\/i><\/div><\/a><div class=\"w-iconbox-meta\"><div class=\"w-iconbox-text\"><p><a href=\"\/wp-content\/uploads\/2025\/05\/Outdoor-Kitchen-maintenance-team-Duits.docx\">Outdoor Kitchen<\/a><\/p>\n<\/div><\/div><\/div><\/div><\/div><\/div><\/div><\/div><\/div><\/div><\/div><\/div><\/div><\/section><section class=\"l-section wpb_row height_small\"><div class=\"l-section-h i-cf\"><div class=\"g-cols vc_row via_flex valign_top type_default stacking_default\"><div class=\"vc_col-sm-12 wpb_column vc_column_container\"><div class=\"vc_column-inner us_custom_9a2d457b\"><div class=\"wpb_wrapper\"><h2 class=\"w-text\"><span class=\"w-text-h\"><span class=\"w-text-value\">Kontakt<\/span><\/span><\/h2><div class=\"w-separator size_custom\" style=\"height:1rem\"><\/div><div class=\"wpb_text_column\"><div class=\"wpb_wrapper\"><p>Wenn Sie die gesuchten Informationen nicht finden k\u00f6nnen, wenden Sie sich bitte w\u00e4hrend der \u00d6ffnungszeiten an die Rezeption.<\/p>\n<\/div><\/div><div class=\"w-separator size_custom\" style=\"height:1rem\"><\/div><div class=\"g-cols wpb_row no-gap via_flex valign_top type_default stacking_default\"><div class=\"vc_col-sm-6 wpb_column vc_column_container\"><div class=\"vc_column-inner us_custom_1ecf49eb\"><div class=\"wpb_wrapper\"><div class=\"w-btn-wrapper align_justify\"><a class=\"w-btn us-btn-style_2 us_custom_1f257949 icon_atleft\" href=\"tel:013 528 2059\"><i class=\"material-icons\">phone<\/i><span class=\"w-btn-label\">Rezeption<\/span><\/a><\/div><\/div><\/div><\/div><div class=\"vc_col-sm-6 wpb_column vc_column_container\"><div class=\"vc_column-inner\"><div class=\"wpb_wrapper\"><\/div><\/div><\/div><\/div><div class=\"w-separator size_large\"><\/div><\/div><\/div><\/div><\/div><\/div><\/section>","protected":false},"excerpt":{"rendered":"Type Lind (6B2) We hebben alle gebruikershandleidingen voor u opgesomd. KeukenDe LED-strip onder de keukenkastjes gaat aan of uit na aanraking van de sensor in de hoek, er is dus geen lichtschakelaar. Kookplaat Koffiezetapparaat Vaatwasser Combimagnetron Warmtepomp systeemThermostaat (Let op! Handleiding is enkel voor de rechter thermostaat, de linker is niet te gebruiken.) VerwarmingElektrische radiator...","protected":false},"author":3,"featured_media":314,"parent":19,"menu_order":0,"comment_status":"closed","ping_status":"closed","template":"","meta":{"footnotes":""},"class_list":["post-312","page","type-page","status-publish","has-post-thumbnail","hentry"],"_links":{"self":[{"href":"https:\/\/www.kleinoisterwijkservice.nl\/de\/wp-json\/wp\/v2\/pages\/312","targetHints":{"allow":["GET"]}}],"collection":[{"href":"https:\/\/www.kleinoisterwijkservice.nl\/de\/wp-json\/wp\/v2\/pages"}],"about":[{"href":"https:\/\/www.kleinoisterwijkservice.nl\/de\/wp-json\/wp\/v2\/types\/page"}],"author":[{"embeddable":true,"href":"https:\/\/www.kleinoisterwijkservice.nl\/de\/wp-json\/wp\/v2\/users\/3"}],"replies":[{"embeddable":true,"href":"https:\/\/www.kleinoisterwijkservice.nl\/de\/wp-json\/wp\/v2\/comments?post=312"}],"version-history":[{"count":1,"href":"https:\/\/www.kleinoisterwijkservice.nl\/de\/wp-json\/wp\/v2\/pages\/312\/revisions"}],"predecessor-version":[{"id":368,"href":"https:\/\/www.kleinoisterwijkservice.nl\/de\/wp-json\/wp\/v2\/pages\/312\/revisions\/368"}],"up":[{"embeddable":true,"href":"https:\/\/www.kleinoisterwijkservice.nl\/de\/wp-json\/wp\/v2\/pages\/19"}],"wp:featuredmedia":[{"embeddable":true,"href":"https:\/\/www.kleinoisterwijkservice.nl\/de\/wp-json\/wp\/v2\/media\/314"}],"wp:attachment":[{"href":"https:\/\/www.kleinoisterwijkservice.nl\/de\/wp-json\/wp\/v2\/media?parent=312"}],"curies":[{"name":"wp","href":"https:\/\/api.w.org\/{rel}","templated":true}]}}