{"id":21,"date":"2024-07-03T08:13:28","date_gmt":"2024-07-03T08:13:28","guid":{"rendered":"https:\/\/koservice.questo.nl\/?page_id=21"},"modified":"2024-07-05T12:25:17","modified_gmt":"2024-07-05T12:25:17","slug":"aankomst-vertrek-informatie","status":"publish","type":"page","link":"https:\/\/www.kleinoisterwijkservice.nl\/de\/aankomst-vertrek-informatie\/","title":{"rendered":"Informationen zur Ankunft und Abreise"},"content":{"rendered":"<section class=\"l-section wpb_row height_auto width_full\"><div class=\"l-section-h i-cf\"><div class=\"g-cols vc_row via_flex valign_top type_default stacking_default\"><div class=\"vc_col-sm-12 wpb_column vc_column_container has_bg_color\"><div class=\"vc_column-inner us_custom_342b11d3\"><div class=\"wpb_wrapper\"><div class=\"w-separator size_custom\" style=\"height:450px\" id=\"n476\"><style>@media(max-width:1199px){ #n476{height:25vh!important}}@media(max-width:600px){ #n476{height:120px!important}}<\/style><\/div><\/div><\/div><\/div><\/div><\/div><\/section><section class=\"l-section wpb_row height_medium\"><div class=\"l-section-h i-cf\"><div class=\"g-cols vc_row via_flex valign_top type_default stacking_default\"><div class=\"vc_col-sm-12 wpb_column vc_column_container\"><div class=\"vc_column-inner us_custom_6c13c80c\"><div class=\"wpb_wrapper\"><h1 class=\"w-text\"><span class=\"w-text-h\"><span class=\"w-text-value\">Informationen zur Ankunft und Abreise<\/span><\/span><\/h1>\n\t<div class=\"wpb_raw_code wpb_raw_html wpb_content_element line\" >\n\t\t<div class=\"wpb_wrapper\">\n\t\t\t<hr\/>\n\t\t<\/div>\n\t<\/div>\n<div class=\"wpb_text_column\"><div class=\"wpb_wrapper\"><p>Wir haben alle n\u00fctzlichen Informationen f\u00fcr Sie zusammengestellt.<\/p>\n<\/div><\/div><div class=\"w-separator size_medium\"><\/div><h2 class=\"w-text\"><span class=\"w-text-h\"><span class=\"w-text-value\">Informationen zur Ankunft<\/span><\/span><\/h2><div class=\"w-separator size_small\"><\/div><div class=\"w-tabs ko_faq style_default switch_click accordion\"><div class=\"w-tabs-sections titles-align_none icon_plus cpos_right\"><div class=\"w-tabs-section has_text_color\" id=\"zd97\" itemscope itemprop=\"mainEntity\" itemtype=\"https:\/\/schema.org\/Question\" style=\"background:var(--color-content-bg-alt);color:var(--color-content-text);\"><button class=\"w-tabs-section-header\" aria-controls=\"content-zd97\" aria-expanded=\"false\"><div class=\"w-tabs-section-title\" itemprop=\"name\">Rezeption<\/div><div class=\"w-tabs-section-control\"><\/div><\/button><div  class=\"w-tabs-section-content\" id=\"content-zd97\" itemscope itemprop=\"acceptedAnswer\" itemtype=\"https:\/\/schema.org\/Answer\"><div class=\"w-tabs-section-content-h i-cf\" itemprop=\"text\"><div class=\"wpb_text_column\"><div class=\"wpb_wrapper\"><p>F\u00fcr Fragen und weitere Informationen wenden Sie sich bitte w\u00e4hrend der \u00d6ffnungszeiten an unser Empfangspersonal. Die \u00d6ffnungszeiten finden Sie in der Landal-App und an der Eingangst\u00fcr der Rezeption. Rufnummer: <a href=\"tel:+31 (0)13-5282059\">+31 (0)13-5282059<\/a>.<\/p>\n<p>Au\u00dferhalb der \u00d6ffnungszeiten der Rezeption k\u00f6nnen Sie in Notf\u00e4llen die Notrufnummer unserer Sicherheitsfirma anrufen. <a href=\"tel:+31 (0)88-2986962\">+31 (0)88-2986962<\/a>.<\/p>\n<\/div><\/div><\/div><\/div><\/div><div class=\"w-tabs-section has_text_color\" id=\"aeb0\" itemscope itemprop=\"mainEntity\" itemtype=\"https:\/\/schema.org\/Question\" style=\"background:var(--color-content-bg-alt);color:var(--color-content-text);\"><button class=\"w-tabs-section-header\" aria-controls=\"content-aeb0\" aria-expanded=\"false\"><div class=\"w-tabs-section-title\" itemprop=\"name\">Wi-Fi<\/div><div class=\"w-tabs-section-control\"><\/div><\/button><div  class=\"w-tabs-section-content\" id=\"content-aeb0\" itemscope itemprop=\"acceptedAnswer\" itemtype=\"https:\/\/schema.org\/Answer\"><div class=\"w-tabs-section-content-h i-cf\" itemprop=\"text\"><div class=\"wpb_text_column\"><div class=\"wpb_wrapper\"><p>Ihr Passwort ist Landal, erg\u00e4nzt durch Ihre Logennummer und ein Ausrufezeichen. Beispiel: Landal324!<\/p>\n<\/div><\/div><\/div><\/div><\/div><div class=\"w-tabs-section has_text_color\" id=\"tfb8\" itemscope itemprop=\"mainEntity\" itemtype=\"https:\/\/schema.org\/Question\" style=\"background:var(--color-content-bg-alt);color:var(--color-content-text);\"><button class=\"w-tabs-section-header\" aria-controls=\"content-tfb8\" aria-expanded=\"false\"><div class=\"w-tabs-section-title\" itemprop=\"name\">Fahrradverleih und Oisterwijk Adventure<\/div><div class=\"w-tabs-section-control\"><\/div><\/button><div  class=\"w-tabs-section-content\" id=\"content-tfb8\" itemscope itemprop=\"acceptedAnswer\" itemtype=\"https:\/\/schema.org\/Answer\"><div class=\"w-tabs-section-content-h i-cf\" itemprop=\"text\"><div class=\"wpb_text_column\"><div class=\"wpb_wrapper\"><p>Piet Plezier hat ein gro\u00dfes Angebot an Fahrradverleih und Planwagenfahrten. Erkunden Sie die Umgebung und genie\u00dfen Sie die sch\u00f6ne Natur, die Oisterwijk zu bieten hat. Bleiben Sie im Park? Wie w\u00e4re es mit einer Runde Golf auf dem sch\u00f6n angelegten 18-Loch-Abenteuer-Minigolfplatz? Die \u00d6ffnungszeiten finden Sie auf der Landal APP. Oder nehmen Sie die Herausforderung in einem der beiden geheimnisvollen Escaperooms an. L\u00f6sen Sie knifflige R\u00e4tsel, anspruchsvolle Puzzles und versteckte Hinweise. Erleben Sie den Nervenkitzel des Augenblicks zusammen mit Ihren Freunden oder Ihrer Familie, das k\u00f6nnen Sie in unserem Escaperoom im Park! Oisterwijk Outdoor bietet Sport- und Freizeitprogramme auf unserem Sportplatz an. Fragen Sie nach den M\u00f6glichkeiten oder buchen Sie in der Landal-App.<\/p>\n<\/div><\/div><\/div><\/div><\/div><div class=\"w-tabs-section has_text_color\" id=\"l0cb\" itemscope itemprop=\"mainEntity\" itemtype=\"https:\/\/schema.org\/Question\" style=\"background:var(--color-content-bg-alt);color:var(--color-content-text);\"><button class=\"w-tabs-section-header\" aria-controls=\"content-l0cb\" aria-expanded=\"false\"><div class=\"w-tabs-section-title\" itemprop=\"name\">Fr\u00fchst\u00fccksdienst<\/div><div class=\"w-tabs-section-control\"><\/div><\/button><div  class=\"w-tabs-section-content\" id=\"content-l0cb\" itemscope itemprop=\"acceptedAnswer\" itemtype=\"https:\/\/schema.org\/Answer\"><div class=\"w-tabs-section-content-h i-cf\" itemprop=\"text\"><div class=\"wpb_text_column\"><div class=\"wpb_wrapper\"><p>Frische Sandwiches werden zwischen 08.00-09.00 Uhr zu Ihrer Lodge geliefert.<\/p>\n<p>Wir haben mehrere Fr\u00fchst\u00fccksboxen f\u00fcr Sie zusammengestellt. Lecker und luxuri\u00f6s! Sie k\u00f6nnen \u00fcber das Bestellformular bestellen. Sie k\u00f6nnen es in unserem Restaurant de 3 Vennen bis 19 Uhr abgeben.<\/p>\n<\/div><\/div><\/div><\/div><\/div><\/div><\/div><div class=\"w-separator size_small\"><\/div><h2 class=\"w-text\"><span class=\"w-text-h\"><span class=\"w-text-value\">Informationen zur Abreise<\/span><\/span><\/h2><div class=\"w-separator size_small\"><\/div><div class=\"w-tabs ko_faq style_default switch_click accordion type_togglable has_scrolling\" style=\"--sections-title-size:inherit\"><div class=\"w-tabs-sections titles-align_none icon_plus cpos_right\"><div class=\"w-tabs-section has_text_color\" id=\"gc3f\" itemscope itemprop=\"mainEntity\" itemtype=\"https:\/\/schema.org\/Question\" style=\"background:var(--color-content-bg-alt);color:var(--color-content-text);\"><button class=\"w-tabs-section-header\" aria-controls=\"content-gc3f\" aria-expanded=\"false\"><div class=\"w-tabs-section-title\" itemprop=\"name\">Informationen zum Auschecken<\/div><div class=\"w-tabs-section-control\"><\/div><\/button><div  class=\"w-tabs-section-content\" id=\"content-gc3f\" itemscope itemprop=\"acceptedAnswer\" itemtype=\"https:\/\/schema.org\/Answer\"><div class=\"w-tabs-section-content-h i-cf\" itemprop=\"text\"><div class=\"wpb_text_column\"><div class=\"wpb_wrapper\"><p>Am Abreisetag m\u00fcssen Sie Ihre H\u00fctte bis 10.30 Uhr verlassen. Hinterlassen Sie den Schl\u00fcssel w\u00e4hrend der \u00d6ffnungszeiten an der Rezeption. Wenn Sie abreisen, wenn die Rezeption geschlossen ist, werfen Sie den Schl\u00fcssel in den Briefkasten an der Vorderseite des Empfangsgeb\u00e4udes. Weitere Informationen zum Auschecken in der Lodge finden Sie auf dem Empfangskasten und in unserer Landal-App.<\/p>\n<\/div><\/div><\/div><\/div><\/div><\/div><\/div><\/div><\/div><\/div><\/div><\/div><\/section><section class=\"l-section wpb_row height_small\"><div class=\"l-section-h i-cf\"><div class=\"g-cols vc_row via_flex valign_top type_default stacking_default\"><div class=\"vc_col-sm-12 wpb_column vc_column_container\"><div class=\"vc_column-inner us_custom_9a2d457b\"><div class=\"wpb_wrapper\"><h2 class=\"w-text\"><span class=\"w-text-h\"><span class=\"w-text-value\">Kontakt<\/span><\/span><\/h2><div class=\"w-separator size_custom\" style=\"height:1rem\"><\/div><div class=\"wpb_text_column\"><div class=\"wpb_wrapper\"><p>Wenn Sie die gesuchten Informationen nicht finden k\u00f6nnen, wenden Sie sich bitte w\u00e4hrend der \u00d6ffnungszeiten an die Rezeption.<\/p>\n<\/div><\/div><div class=\"w-separator size_custom\" style=\"height:1rem\"><\/div><div class=\"g-cols wpb_row no-gap via_flex valign_top type_default stacking_default\"><div class=\"vc_col-sm-6 wpb_column vc_column_container\"><div class=\"vc_column-inner us_custom_1ecf49eb\"><div class=\"wpb_wrapper\"><div class=\"w-btn-wrapper align_justify\"><a class=\"w-btn us-btn-style_2 us_custom_1f257949 icon_atleft\" href=\"tel:013 528 2059\"><i class=\"material-icons\">phone<\/i><span class=\"w-btn-label\">Rezeption<\/span><\/a><\/div><\/div><\/div><\/div><div class=\"vc_col-sm-6 wpb_column vc_column_container\"><div class=\"vc_column-inner\"><div class=\"wpb_wrapper\"><\/div><\/div><\/div><\/div><div class=\"w-separator size_huge\"><\/div><\/div><\/div><\/div><\/div><\/div><\/section>","protected":false},"excerpt":{"rendered":"Aankomst &amp; vertrek informatie We hebben alle nuttige informatie voor u opgesomd. Aankomst informatieReceptieVoor vragen en verdere informatie kunt u tijdens openingstijden contact opnemen met onze medewerkers van de receptie. De openingstijden vindt u terug in de Landal app en op de entreedeur van de receptie. Telefoonnummer: +31 (0)13-5282059. Buiten openingstijden van de receptie kunt...","protected":false},"author":3,"featured_media":0,"parent":0,"menu_order":0,"comment_status":"closed","ping_status":"closed","template":"","meta":{"footnotes":""},"class_list":["post-21","page","type-page","status-publish","hentry"],"_links":{"self":[{"href":"https:\/\/www.kleinoisterwijkservice.nl\/de\/wp-json\/wp\/v2\/pages\/21","targetHints":{"allow":["GET"]}}],"collection":[{"href":"https:\/\/www.kleinoisterwijkservice.nl\/de\/wp-json\/wp\/v2\/pages"}],"about":[{"href":"https:\/\/www.kleinoisterwijkservice.nl\/de\/wp-json\/wp\/v2\/types\/page"}],"author":[{"embeddable":true,"href":"https:\/\/www.kleinoisterwijkservice.nl\/de\/wp-json\/wp\/v2\/users\/3"}],"replies":[{"embeddable":true,"href":"https:\/\/www.kleinoisterwijkservice.nl\/de\/wp-json\/wp\/v2\/comments?post=21"}],"version-history":[{"count":0,"href":"https:\/\/www.kleinoisterwijkservice.nl\/de\/wp-json\/wp\/v2\/pages\/21\/revisions"}],"wp:attachment":[{"href":"https:\/\/www.kleinoisterwijkservice.nl\/de\/wp-json\/wp\/v2\/media?parent=21"}],"curies":[{"name":"wp","href":"https:\/\/api.w.org\/{rel}","templated":true}]}}