{"id":19,"date":"2024-07-03T08:12:59","date_gmt":"2024-07-03T08:12:59","guid":{"rendered":"https:\/\/koservice.questo.nl\/?page_id=19"},"modified":"2026-01-30T09:30:36","modified_gmt":"2026-01-30T09:30:36","slug":"gebruikershandleidingen","status":"publish","type":"page","link":"https:\/\/www.kleinoisterwijkservice.nl\/de\/gebruikershandleidingen\/","title":{"rendered":"Benutzerhandb\u00fccher"},"content":{"rendered":"<section class=\"l-section wpb_row height_auto width_full\"><div class=\"l-section-h i-cf\"><div class=\"g-cols vc_row via_flex valign_top type_default stacking_default\"><div class=\"vc_col-sm-12 wpb_column vc_column_container has_bg_color\"><div class=\"vc_column-inner us_custom_67f23578\"><div class=\"wpb_wrapper\"><div class=\"w-separator size_custom\" style=\"height:450px\" id=\"y702\"><style>@media(max-width:1199px){ #y702{height:25vh!important}}@media(max-width:600px){ #y702{height:120px!important}}<\/style><\/div><\/div><\/div><\/div><\/div><\/div><\/section><section class=\"l-section wpb_row us_custom_c70c97eb height_medium\"><div class=\"l-section-h i-cf\"><div class=\"g-cols vc_row via_flex valign_top type_default stacking_default\"><div class=\"vc_col-sm-12 wpb_column vc_column_container\"><div class=\"vc_column-inner us_custom_9a2d457b\"><div class=\"wpb_wrapper\"><h1 class=\"w-text\"><span class=\"w-text-h\"><span class=\"w-text-value\">Benutzerhandb\u00fccher<\/span><\/span><\/h1>\n\t<div class=\"wpb_raw_code wpb_raw_html wpb_content_element line us_custom_909b2fd0\" >\n\t\t<div class=\"wpb_wrapper\">\n\t\t\t<hr\/>\n\t\t<\/div>\n\t<\/div>\n<div class=\"wpb_text_column\"><div class=\"wpb_wrapper\"><p>W\u00e4hlen Sie die Art des Ferienhauses, in dem Sie sich aufhalten, um einen umfassenden \u00dcberblick \u00fcber alle Anweisungen zu erhalten.<\/p>\n<\/div><\/div><div class=\"w-separator size_small\"><\/div><h2 class=\"w-text\"><span class=\"w-text-h\"><span class=\"w-text-value\">Typ des Hauses<\/span><\/span><\/h2><div class=\"w-separator size_small\"><\/div><div class=\"g-cols wpb_row us_custom_e4bc1fd0 via_flex valign_top type_default\" style=\"--additional-gap:0.5rem;\"><div class=\"vc_col-sm-6 wpb_column vc_column_container has_bg_color has-link\"><div class=\"vc_column-inner us_custom_7259fe9a\"><div class=\"wpb_wrapper\"><div class=\"w-btn-wrapper align_justify\"><a class=\"w-btn us-btn-style_4 us_custom_9bbe66aa icon_atright\" href=\"\/de\/gebruikershandleidingen\/type-wijk\/\"><span class=\"w-btn-label\">De Wijk (2-4B)<\/span><i class=\"fas fa-chevron-right\"><\/i><\/a><\/div><\/div><\/div><a href=\"\/de\/gebruikershandleidingen\/type-wijk\/\" class=\"vc_column-link smooth-scroll\" aria-label=\"Link\"><\/a><\/div><div class=\"vc_col-sm-6 wpb_column vc_column_container has_bg_color has-link\"><div class=\"vc_column-inner us_custom_29e3fb56\"><div class=\"wpb_wrapper\"><div class=\"w-btn-wrapper align_justify\"><a class=\"w-btn us-btn-style_4 us_custom_9bbe66aa icon_atright\" href=\"\/de\/gebruikershandleidingen\/type-ree\/\"><span class=\"w-btn-label\">De Ree (4-6B)<\/span><i class=\"fas fa-chevron-right\"><\/i><\/a><\/div><\/div><\/div><a href=\"\/de\/gebruikershandleidingen\/type-ree\/\" class=\"vc_column-link smooth-scroll\" aria-label=\"Link\"><\/a><\/div><\/div><div class=\"w-separator size_custom\" style=\"height:1rem\"><\/div><div class=\"g-cols wpb_row us_custom_e4bc1fd0 via_flex valign_top type_default\" style=\"--additional-gap:0.5rem;\"><div class=\"vc_col-sm-6 wpb_column vc_column_container has_bg_color has-link\"><div class=\"vc_column-inner us_custom_ddc96f15\"><div class=\"wpb_wrapper\"><div class=\"w-btn-wrapper align_justify\"><a class=\"w-btn us-btn-style_4 us_custom_9bbe66aa icon_atright\" href=\"\/de\/gebruikershandleidingen\/type-parel-wellness\/\"><span class=\"w-btn-label\">De parel wellness (4BW)<\/span><i class=\"fas fa-chevron-right\"><\/i><\/a><\/div><\/div><\/div><a href=\"\/de\/gebruikershandleidingen\/type-parel-wellness\/\" class=\"vc_column-link smooth-scroll\" aria-label=\"Link\"><\/a><\/div><div class=\"vc_col-sm-6 wpb_column vc_column_container has_bg_color has-link\"><div class=\"vc_column-inner us_custom_484f8db0\"><div class=\"wpb_wrapper\"><div class=\"w-btn-wrapper align_justify\"><a class=\"w-btn us-btn-style_4 us_custom_9bbe66aa icon_atright\" href=\"\/de\/type-lind\/\"><span class=\"w-btn-label\">De Lind (6B2)<\/span><i class=\"fas fa-chevron-right\"><\/i><\/a><\/div><\/div><\/div><a href=\"\/de\/gebruikershandleidingen\/type-lind\/\" class=\"vc_column-link smooth-scroll\" aria-label=\"Link\"><\/a><\/div><\/div><div class=\"w-separator size_custom\" style=\"height:1rem\"><\/div><div class=\"g-cols wpb_row us_custom_e4bc1fd0 via_flex valign_top type_default\" style=\"--additional-gap:0.5rem;\"><div class=\"vc_col-sm-6 wpb_column vc_column_container has_bg_color has-link\"><div class=\"vc_column-inner us_custom_f676467c\"><div class=\"wpb_wrapper\"><div class=\"w-btn-wrapper align_justify\"><a class=\"w-btn us-btn-style_4 us_custom_9bbe66aa icon_atright\" href=\"https:\/\/www.kleinoisterwijkservice.nl\/de\/gebruikershandleidingen\/type-de-bok-wellness\/\"><span class=\"w-btn-label\">De Bok Wellness (6BE)<\/span><i class=\"fas fa-chevron-right\"><\/i><\/a><\/div><\/div><\/div><a href=\"https:\/\/www.kleinoisterwijkservice.nl\/de\/gebruikershandleidingen\/type-de-bok-wellness\/\" class=\"vc_column-link smooth-scroll\" aria-label=\"Link\"><\/a><\/div><div class=\"vc_col-sm-6 wpb_column vc_column_container has_bg_color has-link\"><div class=\"vc_column-inner us_custom_a766789f\"><div class=\"wpb_wrapper\"><div class=\"w-btn-wrapper align_justify\"><a class=\"w-btn us-btn-style_4 us_custom_9bbe66aa icon_atright\" href=\"https:\/\/www.kleinoisterwijkservice.nl\/de\/gebruikershandleidingen\/type-de-bok\/\"><span class=\"w-btn-label\">De Bok (8B)<\/span><i class=\"fas fa-chevron-right\"><\/i><\/a><\/div><\/div><\/div><a href=\"https:\/\/www.kleinoisterwijkservice.nl\/de\/gebruikershandleidingen\/type-de-bok\/\" class=\"vc_column-link smooth-scroll\" aria-label=\"Link\"><\/a><\/div><\/div><div class=\"w-separator size_huge\"><\/div><\/div><\/div><\/div><\/div><\/div><\/section>","protected":false},"excerpt":{"rendered":"Gebruikershandleidingen Kies het type vakantiewoning waar u in verblijft voor een uitgebreid overzicht van alle handleidingen. Woning typeDe Wijk (2-4B)De Ree (4-6B)De parel wellness (4BW)De Lind (6B2)De Bok Wellness (6BE)De Bok (8B)","protected":false},"author":3,"featured_media":0,"parent":0,"menu_order":0,"comment_status":"closed","ping_status":"closed","template":"","meta":{"footnotes":""},"class_list":["post-19","page","type-page","status-publish","hentry"],"_links":{"self":[{"href":"https:\/\/www.kleinoisterwijkservice.nl\/de\/wp-json\/wp\/v2\/pages\/19","targetHints":{"allow":["GET"]}}],"collection":[{"href":"https:\/\/www.kleinoisterwijkservice.nl\/de\/wp-json\/wp\/v2\/pages"}],"about":[{"href":"https:\/\/www.kleinoisterwijkservice.nl\/de\/wp-json\/wp\/v2\/types\/page"}],"author":[{"embeddable":true,"href":"https:\/\/www.kleinoisterwijkservice.nl\/de\/wp-json\/wp\/v2\/users\/3"}],"replies":[{"embeddable":true,"href":"https:\/\/www.kleinoisterwijkservice.nl\/de\/wp-json\/wp\/v2\/comments?post=19"}],"version-history":[{"count":3,"href":"https:\/\/www.kleinoisterwijkservice.nl\/de\/wp-json\/wp\/v2\/pages\/19\/revisions"}],"predecessor-version":[{"id":363,"href":"https:\/\/www.kleinoisterwijkservice.nl\/de\/wp-json\/wp\/v2\/pages\/19\/revisions\/363"}],"wp:attachment":[{"href":"https:\/\/www.kleinoisterwijkservice.nl\/de\/wp-json\/wp\/v2\/media?parent=19"}],"curies":[{"name":"wp","href":"https:\/\/api.w.org\/{rel}","templated":true}]}}