{"id":10,"date":"2024-07-03T07:41:32","date_gmt":"2024-07-03T07:41:32","guid":{"rendered":"https:\/\/koservice.questo.nl\/?page_id=10"},"modified":"2024-07-04T12:20:27","modified_gmt":"2024-07-04T12:20:27","slug":"home","status":"publish","type":"page","link":"https:\/\/www.kleinoisterwijkservice.nl\/de\/","title":{"rendered":"Home"},"content":{"rendered":"<section class=\"l-section wpb_row height_auto width_full\"><div class=\"l-section-h i-cf\"><div class=\"g-cols vc_row via_flex valign_top type_default stacking_default\"><div class=\"vc_col-sm-12 wpb_column vc_column_container has_bg_color\"><div class=\"vc_column-inner us_custom_2f0ec9db\"><div class=\"wpb_wrapper\"><div class=\"w-separator size_custom\" style=\"height:450px\" id=\"pec8\"><style>@media(max-width:1199px){ #pec8{height:25vh!important}}@media(max-width:600px){ #pec8{height:120px!important}}<\/style><\/div><\/div><\/div><\/div><\/div><\/div><\/section><section class=\"l-section wpb_row us_custom_4d4c92db height_medium with_img\"><div class=\"l-section-img\" role=\"img\" aria-label=\"Bild\" data-img-width=\"2650\" data-img-height=\"1200\" style=\"background-image: url(https:\/\/www.kleinoisterwijkservice.nl\/wp-content\/uploads\/2024\/07\/KO_Patroon_wit_2650x1200px.png);background-repeat: no-repeat;\"><\/div><div class=\"l-section-h i-cf\"><div class=\"g-cols vc_row via_flex valign_top type_default stacking_default\"><div class=\"vc_col-sm-12 wpb_column vc_column_container\"><div class=\"vc_column-inner\"><div class=\"wpb_wrapper\"><div class=\"g-cols wpb_row us_custom_9ba95ac8 via_flex valign_top type_default stacking_default\"><div class=\"vc_col-sm-12 wpb_column vc_column_container\"><div class=\"vc_column-inner\"><div class=\"wpb_wrapper\"><h1 class=\"w-text\"><span class=\"w-text-h\"><span class=\"w-text-value\">Willkommen bei Landal Klein Oisterwijk<\/span><\/span><\/h1>\n\t<div class=\"wpb_raw_code wpb_raw_html wpb_content_element line\" >\n\t\t<div class=\"wpb_wrapper\">\n\t\t\t<hr\/>\n\t\t<\/div>\n\t<\/div>\n<div class=\"wpb_text_column\"><div class=\"wpb_wrapper\"><p>Wir hoffen, dass Sie eine gute Reise hatten und dass Sie nun einen herrlich entspannenden Aufenthalt genie\u00dfen k\u00f6nnen. Gemeinsam mit unseren Mitarbeitern werden wir alles tun, um Ihnen einen unvergesslichen Aufenthalt zu erm\u00f6glichen.<\/p>\n<p>Sollte dennoch etwas nicht zu Ihrer Zufriedenheit sein, wenden Sie sich bitte direkt an uns.<\/p>\n<p><strong>Im Namen des gesamten Teams von Klein Oisterwijk w\u00fcnschen wir Ihnen einen angenehmen Aufenthalt in unserem Park! <\/strong><\/p>\n<\/div><\/div><div class=\"w-separator size_small\"><\/div><\/div><\/div><\/div><\/div><\/div><\/div><\/div><\/div><\/div><\/section><section class=\"l-section wpb_row height_medium color_alternate\"><div class=\"l-section-h i-cf\"><div class=\"g-cols vc_row via_flex valign_top type_default stacking_default\"><div class=\"vc_col-sm-12 wpb_column vc_column_container\"><div class=\"vc_column-inner us_custom_8c8734d2\"><div class=\"wpb_wrapper\"><div class=\"w-separator size_small\"><\/div><h2 class=\"w-text\"><span class=\"w-text-h\"><span class=\"w-text-value\">Informationen zum Service<\/span><\/span><\/h2><div class=\"w-separator size_small\"><\/div><div class=\"w-hwrapper us_custom_8b7a83b8 valign_top stack_on_mobiles align_left\" style=\"--hwrapper-gap:1rem\"><div class=\"w-btn-wrapper align_justify\"><a class=\"w-btn us-btn-style_3 us_custom_1f257949 icon_atleft\" href=\"\/de\/aankomst-vertrek-informatie\/\"><i class=\"material-icons\">calendar_month<\/i><span class=\"w-btn-label\">Informationen zur Ankunft und Abreise<\/span><\/a><\/div><div class=\"w-btn-wrapper align_justify\"><a class=\"w-btn us-btn-style_3 us_custom_1f257949 icon_atleft\" href=\"\/de\/gebruikershandleidingen\/\"><i class=\"material-icons\">description<\/i><span class=\"w-btn-label\">Benutzerhandb\u00fccher<\/span><\/a><\/div><\/div><\/div><\/div><\/div><\/div><\/div><\/section><section class=\"l-section wpb_row height_medium color_alternate\"><div class=\"l-section-h i-cf\"><div class=\"g-cols vc_row via_flex valign_top type_default stacking_default\"><div class=\"vc_col-sm-12 wpb_column vc_column_container\"><div class=\"vc_column-inner us_custom_9a2d457b\"><div class=\"wpb_wrapper\"><h2 class=\"w-text\"><span class=\"w-text-h\"><span class=\"w-text-value\">Kontakt<\/span><\/span><\/h2><div class=\"w-separator size_custom\" style=\"height:1rem\"><\/div><div class=\"w-hwrapper valign_top stack_on_mobiles align_left\" style=\"--hwrapper-gap:1rem\"><div class=\"w-btn-wrapper align_justify\"><a class=\"w-btn us-btn-style_2 us_custom_1f257949 icon_atleft\" href=\"tel:013 528 2059\"><i class=\"material-icons\">phone<\/i><span class=\"w-btn-label\">Rezeption<\/span><\/a><\/div><div class=\"w-btn-wrapper align_justify\"><a class=\"w-btn us-btn-style_2 us_custom_1f257949 icon_atleft\" href=\"tel:013 528 2059\"><i class=\"material-icons\">phone<\/i><span class=\"w-btn-label\">Notfall<\/span><\/a><\/div><\/div><div class=\"w-separator size_large\"><\/div><\/div><\/div><\/div><\/div><\/div><\/section>","protected":false},"excerpt":{"rendered":"Van harte welkom op Landal Klein Oisterwijk Wij hopen dat u een goede reis hebt gehad en dat u nu gaat genieten van een heerlijk ontspannen verblijf. Samen met onze medewerkers doen wij er alles aan om u een onvergetelijk verblijf te bezorgen. Mocht er desondanks toch iets niet naar wens zijn kunt u direct...","protected":false},"author":3,"featured_media":0,"parent":0,"menu_order":0,"comment_status":"closed","ping_status":"closed","template":"","meta":{"footnotes":""},"class_list":["post-10","page","type-page","status-publish","hentry"],"_links":{"self":[{"href":"https:\/\/www.kleinoisterwijkservice.nl\/de\/wp-json\/wp\/v2\/pages\/10","targetHints":{"allow":["GET"]}}],"collection":[{"href":"https:\/\/www.kleinoisterwijkservice.nl\/de\/wp-json\/wp\/v2\/pages"}],"about":[{"href":"https:\/\/www.kleinoisterwijkservice.nl\/de\/wp-json\/wp\/v2\/types\/page"}],"author":[{"embeddable":true,"href":"https:\/\/www.kleinoisterwijkservice.nl\/de\/wp-json\/wp\/v2\/users\/3"}],"replies":[{"embeddable":true,"href":"https:\/\/www.kleinoisterwijkservice.nl\/de\/wp-json\/wp\/v2\/comments?post=10"}],"version-history":[{"count":0,"href":"https:\/\/www.kleinoisterwijkservice.nl\/de\/wp-json\/wp\/v2\/pages\/10\/revisions"}],"wp:attachment":[{"href":"https:\/\/www.kleinoisterwijkservice.nl\/de\/wp-json\/wp\/v2\/media?parent=10"}],"curies":[{"name":"wp","href":"https:\/\/api.w.org\/{rel}","templated":true}]}}